{"id":997,"date":"2023-09-20T11:16:38","date_gmt":"2023-09-20T11:16:38","guid":{"rendered":"https:\/\/www.lasidra.net\/fototeca\/?post_type=product&#038;p=997"},"modified":"2023-09-20T11:16:44","modified_gmt":"2023-09-20T11:16:44","slug":"mpa-111","status":"publish","type":"product","link":"https:\/\/www.lasidra.net\/fototeca\/producto\/mpa-111\/","title":{"rendered":"MPA 111"},"content":{"rendered":"","protected":false},"excerpt":{"rendered":"<p><strong>Autor<\/strong>: Desconoc\u00edu<\/p>\n<p><strong>Llugar<\/strong>: Pravia<\/p>\n<p><strong>Procedencia<\/strong>: Colleici\u00f3n de Jos\u00e9 Antonio Mart\u00ednez (Pravia)<\/p>\n<p><strong>Observaciones<\/strong>: Semeya en papel d&#8217;un d&#8217;homes, muyeres y reciella con un cura, probatible que n&#8217;una excursi\u00f3n parroquial. Con botelles de sidra<\/p>\n<p><strong>Fonte d&#8217;ingresu<\/strong>: Mus\u00e9u Pueblu d&#8217;Asturies<\/p>\n<p><strong>Data d&#8217;ingresu<\/strong>: Setiembre 2023<\/p>\n","protected":false},"featured_media":998,"comment_status":"closed","ping_status":"closed","template":"","meta":{"_et_pb_use_builder":"","_et_pb_old_content":"","_et_gb_content_width":"","_joinchat":[]},"product_brand":[],"product_cat":[15,24,19,188,18,23,16],"product_tag":[193,194,191],"class_list":{"0":"post-997","1":"product","2":"type-product","3":"status-publish","4":"has-post-thumbnail","6":"product_cat-sin-categorizar","7":"product_cat-dellos","8":"product_cat-echando","9":"product_cat-folixes-y-cellebraciones","10":"product_cat-muyer","11":"product_cat-pinacoteca","12":"product_cat-semeyes","13":"product_tag-botelles-de-sidra","14":"product_tag-excursiones-y-sidra","15":"product_tag-muyeres-y-sidra","17":"first","18":"instock","19":"shipping-taxable","20":"product-type-simple"},"_links":{"self":[{"href":"https:\/\/www.lasidra.net\/fototeca\/wp-json\/wp\/v2\/product\/997","targetHints":{"allow":["GET"]}}],"collection":[{"href":"https:\/\/www.lasidra.net\/fototeca\/wp-json\/wp\/v2\/product"}],"about":[{"href":"https:\/\/www.lasidra.net\/fototeca\/wp-json\/wp\/v2\/types\/product"}],"replies":[{"embeddable":true,"href":"https:\/\/www.lasidra.net\/fototeca\/wp-json\/wp\/v2\/comments?post=997"}],"wp:featuredmedia":[{"embeddable":true,"href":"https:\/\/www.lasidra.net\/fototeca\/wp-json\/wp\/v2\/media\/998"}],"wp:attachment":[{"href":"https:\/\/www.lasidra.net\/fototeca\/wp-json\/wp\/v2\/media?parent=997"}],"wp:term":[{"taxonomy":"product_brand","embeddable":true,"href":"https:\/\/www.lasidra.net\/fototeca\/wp-json\/wp\/v2\/product_brand?post=997"},{"taxonomy":"product_cat","embeddable":true,"href":"https:\/\/www.lasidra.net\/fototeca\/wp-json\/wp\/v2\/product_cat?post=997"},{"taxonomy":"product_tag","embeddable":true,"href":"https:\/\/www.lasidra.net\/fototeca\/wp-json\/wp\/v2\/product_tag?post=997"}],"curies":[{"name":"wp","href":"https:\/\/api.w.org\/{rel}","templated":true}]}}